{"id":19,"date":"2021-03-12T10:59:23","date_gmt":"2021-03-12T09:59:23","guid":{"rendered":"https:\/\/www.club-scootergt.com\/?page_id=19"},"modified":"2026-01-16T16:12:18","modified_gmt":"2026-01-16T15:12:18","slug":"accueil","status":"publish","type":"page","link":"https:\/\/www.club-scootergt.com\/index.php\/accueil\/","title":{"rendered":"Clap de fin pour Club-ScooterGT.Com"},"content":{"rendered":"\n<p class=\"has-vivid-red-color has-white-background-color has-text-color has-background\">Bonjour, Bonsoir,<br><br>Ce message est l&#8217;un des plus triste que j&#8217;aurais \u00e9crit sur le forum <strong>Club-ScooterGT.<\/strong><br>Je ne vais pas tourner autour du pot :&nbsp;<strong>le forum a ferm\u00e9 \u00e0 la fin de l&#8217;ann\u00e9e 2019 !<\/strong><br><br>Certains s&#8217;en attristeront, et moi aussi. Mais d&#8217;autres s&#8217;en r\u00e9jouiront, ceux l\u00e0 je les emmerde !<br><br>La faute \u00e0 qui ? \u00e0 quoi ?&#8230; la faute \u00e0 moi, et \u00e0 personne d&#8217;autre (forc\u00e9ment, puisqu&#8217;il faut un coupable alors d\u00e9signons d&#8217;office l&#8217;admin&#8230;).<br><br>Voici l&#8217;histoire : <br>Il y a plus de 15 ans, en 2009, 2 ans apr\u00e8s avoir mis en place le site, le fondateur du forum, &#8216;Touba&#8217;, voulait abandonner le forum pour partir refaire sa vie en Afrique, il voulait abandonner le forum, j&#8217;ai eu la possibilit\u00e9 de devoir et de pouvoir reprendre les cl\u00e9s du forum CSGT.<br><br>A cette \u00e9poque, le forum \u00e9tait encore petit, moi, j&#8217;avais la niaque, j&#8217;avais de l&#8217;\u00e9nergie et l&#8217;envie de faire bien.<br>Le chantier de reprise technique \u00e9tait monumental : mis \u00e0 part quelques logins et passwords qui m&#8217;ont \u00e9t\u00e9 fournis par ci et par l\u00e0, au final, cela ne repr\u00e9sentait pas grand chose face \u00e0 la masse d\u2019\u00e9l\u00e9ments des entrailles du forum : j&#8217;ai du d\u00e9couvrir tout seul en fouillant chaque coulisse, chaque page, chaque recoin de ce forum avec le stress que la moindre action pouvait planter le forum et avoir un effet irr\u00e9versible; bien sur ce chantier de reprise aurait du \u00eatre fait avec une aide de l&#8217;ancien admin, mais \u00e7a n&#8217;a pas \u00e9t\u00e9 le cas&#8230; aucune aide de personne. Les mod\u00e9rateurs sur cette partie technique n&#8217;avait pas d&#8217;\u00e9l\u00e9ments pouvant apporter une aide, certains modos m&#8217;ont soutenus&#8230;<br>J&#8217;ai du ainsi faire face aux premiers gros bugs, aux premi\u00e8res pannes, aux mises \u00e0 jours compliqu\u00e9es, \u00e0 un changement de serveur n\u00e9cessaire&#8230; Nous avons du aussi faire face \u00e0 des attaques de type DDOS, ou injection de codes malins et \u00e0 des inscriptions de types spams par milliers, j&#8217;ai pass\u00e9 du temps dessus, j&#8217;\u00e9tais le seul \u00e0 pouvoir trouver quelques solutions pour les contrer : \u00e0 cette \u00e9poque, je ne comptais pas mes heures (le jour et la nuit) dans le but de faire plaisir \u00e0 tous et que tout le monde puissent participer \u00e0 ce forum qui \u00e9tait devenu important dans la vie de chacun.<br><br>Du fait de l&#8217;affluence (la population des membres \u00e0 \u00e9t\u00e9 quadrupl\u00e9), la partie visible a du aussi se restructurer un peu, on a du passer d&#8217;un forum sans charte \u00e9ditoriale \u00e0 un forum un peu plus structur\u00e9 : j&#8217;ai pu me faire aider par certains mod\u00e9rateurs : nous n&#8217;avions pas de charte, nous avons du en faire une; nous n&#8217;avions pas de foire aux questions, nous en avons r\u00e9dig\u00e9 une et mis en ligne pour aider chaque nouveau membre. <br>A un moment, le forum battait \u00e0 plein r\u00e9gime : de la vie \u00e0 chaque discussion, des nouveaux membres quotidiennement, plusieurs dizaines nouvelles discussions par jour, des sujets tr\u00e8s int\u00e9ressants&#8230;<br>Pendant plusieurs ann\u00e9es, il y avait de l&#8217;affluence, plusieurs r\u00e9gies publicitaires nous reversaient des sous et nous sommes devenus autonome financi\u00e8rement. Nous avons pu prendre un h\u00e9bergement web plus performant qui correspondait \u00e0 notre besoin. Il y a m\u00eame eu des jeux concours avec des partenariats divers et vari\u00e9s et des lots pour les membres et pour faire plaisir \u00e0 tout le monde (certains d&#8217;entres vous s&#8217;en souviennent peut \u00eatre). Je ne compte pas le nombre de fois ou je me suis relev\u00e9 la nuit pour &#8220;travailler&#8221; sur le forum, je ne compte pas le nombre de fois ou j&#8217;ai fait pass\u00e9 le forum en premier, devant ma vie personnelle, m\u00eame devant des \u00e9v\u00e8nements personnelles et familiaux difficiles. <strong>M&#8217;occuper du forum devenait un vrai sacerdoce. <\/strong><br><br>Oh, bien sur, comme dans tous forums, il y a eu des conflits entre membres, des insultes, des membres bannis, certains &#8216;\u00e9nerv\u00e9s&#8217; du clavier sont apparus, <br>Il y a m\u00eame eu des plaintes CNIL injustifi\u00e9es (class\u00e9es sans suite), j&#8217;ai re\u00e7u des courriers avec menaces de poursuites par avocats parce que un membre avait dit ceci ou cela et que j&#8217;avais ou l&#8217;\u00e9quipe mod\u00e9ration agi ou pas agi d&#8217;ailleurs&#8230; Certains se sont plaint de moi (bah oui, il faut un coupable, et vue que j&#8217;\u00e9tais le responsable du site, j&#8217;\u00e9tais la cible id\u00e9ale). Sur certaines discussions du forum, je me suis fait insulter (que je participe \u00e0 la discussion ou non&#8230;), j&#8217;ai re\u00e7u des mails d&#8217;injures&#8230; Bref, \u00e0 un moment donn\u00e9 cela a pris des proportions assez folles ! <br><br>J&#8217;ai tenu bon, \u00e7a a \u00e9t\u00e9 dur, tr\u00e8s stressant, mais j&#8217;ai tenu car ce forum a \u00e9t\u00e9 tellement utile \u00e0 de nombreuses personnes&#8230; Sur la partie technique, je n&#8217;ai pas eu d&#8217;aides : \u00e0 un moment donn\u00e9 l&#8217;ancien admin est apparu, je pensais na\u00efvement que c&#8217;\u00e9tait pour m&#8217;aider mais c&#8217;\u00e9tait pour m&#8217;insulter moi ainsi que des membres de notre forum&#8230;. Mais j&#8217;ai du faire des choix difficiles mais qui ont permis que le forum persiste et vive jusqu&#8217;\u00e0 fin 2019. Forc\u00e9 de constater que mes choix n&#8217;ont pas toujours \u00e9t\u00e9 les plus faciles \u00e0 prendre mais je les ai pris, c&#8217;est comme \u00e7a, et j&#8217;\u00e9tais le seul \u00e0 pouvoir prendre telle ou telle d\u00e9cision.<br><br>Bref, 10 ans (!) apr\u00e8s : le forum n&#8217;\u00e9tait plus ouvert au public comme il \u00e9tait avant ce qui a provoqu\u00e9 une baisse des visites importante. Plusieurs raisons \u00e0 cela, tout d&#8217;abord le forum \u00e9tait devenu moins dynamique qu&#8217;avant : moins d&#8217;affluence, moins de discussions ouvertes, moins de sujets sur notre th\u00e8me de pr\u00e9dilections, moins de membres inscrits, moins de passages&#8230; de plus il y a eu les restrictions tr\u00e8s fortes que google exerce sur les forums (plusieurs d\u00e9classements google dues aux contenues de certains messages &#8220;pour adultes&#8221;), et puis Facebook et les r\u00e9seaux sociaux en sont aussi une autre raison probable.<br>Techniquement, nous \u00e9tions aussi dans une impasse : le code \u00e9tait trop ancien et \u00e0 un moment donn\u00e9 \u00e7a ne passait plus avec les mont\u00e9es de version technique cot\u00e9 h\u00e9bergeur. <br>Puis, il y eu une vague de demandes de suppression de comptes et de leurs messages dont certains &#8220;avant menace de plainte p\u00e9nale Cnil&#8221;, la mode RGPD, un forum n&#8217;est pas pr\u00e9vue pour \u00e7a&#8230; mais j&#8217;ai du trancher dans certaines discussions du forum pour r\u00e9pondre au exigences de certains \u00e9nerv\u00e9s du clavier .<br>Et enfin, les comptes du club \u00e9taient \u00e0 z\u00e9ro depuis plusieurs mois : j&#8217;en \u00e9tais de ma poche pour la globalit\u00e9 des frais depuis plusieurs mois (certains connaissent le montant, on va pas le cacher, cela a repr\u00e9sent\u00e9 un montant \u00e0 4 chiffres&#8230;). <strong>Bref, le beau tableau du d\u00e9but \u00e9tait devenu moche&#8230;<\/strong> <br><br><strong>Aujourd\u2019hui, avec tous ces \u00e9l\u00e9ments et en connaissance de cause, certains comprendront ma d\u00e9cision d&#8217;avoir fermer le site \u00e0 la fin de l&#8217;ann\u00e9e 2019 : tout a \u00e9t\u00e9 supprim\u00e9, rien n&#8217;est rest\u00e9 en ligne (comme \u00e7a les <em>rageux <\/em>des demandes de suppressions de messages seront tr\u00e8s probablement contents)<\/strong>, ce n&#8217;est pas ce que je voulais, cela n&#8217;est pas ce que que beaucoup de membres voulaient, mais c&#8217;\u00e9tait la seule d\u00e9cision qu&#8217;il fallait prendre. <br><strong>Chacun aura en souvenir sa propre histoire avec le forum club-scootergt.com ! <\/strong><br><br>Personnellement, j\u2019essayerais de ne retenir que les souvenirs positifs, les anecdotes autour du forum (j&#8217;en ai des milliers), les rigolotes, les farfelues, les rassos extraordinaires, les rencontres et les bons moments, G-T, Gilles, Febe et Vince&#8230; et j&#8217;essayerais de faire abstraction des mauvais moments, des engueulades, des insultes, des nuits blanches et du stress&#8230; <br><br><strong>\u00c7a aura \u00e9t\u00e9 un sacr\u00e9 morceau de ma vie (10 ans !). Je remercie tout ceux qui ont particip\u00e9 \u00e0 notre forum !<\/strong><br><br>En pj de ce message, j&#8217;ajouterais une image qu&#8217;un mod\u00e9rateur qui a eu aussi son propre forum m&#8217;a transmis et qui a \u00e9t\u00e9 terriblement d&#8217;actualit\u00e9 :<\/p>\n\n\n<div class=\"wp-block-image is-style-default\">\n<figure class=\"aligncenter size-large is-resized\"><img loading=\"lazy\" decoding=\"async\" width=\"607\" height=\"720\" src=\"https:\/\/www.club-scootergt.com\/wp-content\/uploads\/2021\/03\/forum.jpg\" alt=\"\" class=\"wp-image-5\" style=\"width:607px;height:720px\" srcset=\"https:\/\/www.club-scootergt.com\/wp-content\/uploads\/2021\/03\/forum.jpg 607w, https:\/\/www.club-scootergt.com\/wp-content\/uploads\/2021\/03\/forum-253x300.jpg 253w\" sizes=\"auto, (max-width: 607px) 100vw, 607px\" \/><\/figure>\n<\/div>\n\n\n<p class=\"has-vivid-red-color has-white-background-color has-text-color has-background\">Internet n&#8217;\u00e9tant finalement pas si grand que cela souvenez vous : &#8220;<em>internet rapproche les gens&#8230;<\/em>&#8221; , si certains veulent me retrouver, une petite recherche internet et ils me retrouveront \ud83d\ude09<br><br>Bien cordialement \u00e0 tous et \u00e0 toutes,<br><br><strong>CritoF<\/strong><\/p>\n\n\n\n<p><\/p>\n\n\n\n<div align=\"center\"><script type=\"text\/javascript\" src=\"\/\/compteur.websiteout.com\/js\/8\/6\/0\/0\"><\/script><\/div>\n<div class=\"pvc_clear\"><\/div><p id=\"pvc_stats_19\" class=\"pvc_stats all  \" data-element-id=\"19\" style=\"\"><i class=\"pvc-stats-icon small\" aria-hidden=\"true\"><svg aria-hidden=\"true\" focusable=\"false\" data-prefix=\"far\" data-icon=\"chart-bar\" role=\"img\" xmlns=\"http:\/\/www.w3.org\/2000\/svg\" viewBox=\"0 0 512 512\" class=\"svg-inline--fa fa-chart-bar fa-w-16 fa-2x\"><path fill=\"currentColor\" d=\"M396.8 352h22.4c6.4 0 12.8-6.4 12.8-12.8V108.8c0-6.4-6.4-12.8-12.8-12.8h-22.4c-6.4 0-12.8 6.4-12.8 12.8v230.4c0 6.4 6.4 12.8 12.8 12.8zm-192 0h22.4c6.4 0 12.8-6.4 12.8-12.8V140.8c0-6.4-6.4-12.8-12.8-12.8h-22.4c-6.4 0-12.8 6.4-12.8 12.8v198.4c0 6.4 6.4 12.8 12.8 12.8zm96 0h22.4c6.4 0 12.8-6.4 12.8-12.8V204.8c0-6.4-6.4-12.8-12.8-12.8h-22.4c-6.4 0-12.8 6.4-12.8 12.8v134.4c0 6.4 6.4 12.8 12.8 12.8zM496 400H48V80c0-8.84-7.16-16-16-16H16C7.16 64 0 71.16 0 80v336c0 17.67 14.33 32 32 32h464c8.84 0 16-7.16 16-16v-16c0-8.84-7.16-16-16-16zm-387.2-48h22.4c6.4 0 12.8-6.4 12.8-12.8v-70.4c0-6.4-6.4-12.8-12.8-12.8h-22.4c-6.4 0-12.8 6.4-12.8 12.8v70.4c0 6.4 6.4 12.8 12.8 12.8z\" class=\"\"><\/path><\/svg><\/i> <img loading=\"lazy\" decoding=\"async\" width=\"16\" height=\"16\" alt=\"Loading\" src=\"https:\/\/www.club-scootergt.com\/wp-content\/plugins\/page-views-count\/ajax-loader-2x.gif\" border=0 \/><\/p><div class=\"pvc_clear\"><\/div>","protected":false},"excerpt":{"rendered":"<p>Bonjour, Bonsoir, Ce message est l&#8217;un des plus triste que j&#8217;aurais \u00e9crit sur le forum Club-ScooterGT.Je ne vais pas tourner autour du pot :&nbsp;le forum a ferm\u00e9 \u00e0 la fin de l&#8217;ann\u00e9e 2019 ! Certains s&#8217;en attristeront, et moi aussi&#8230;. <a href=\"https:\/\/www.club-scootergt.com\/index.php\/accueil\/\" class=\"readmore\">Read more<span class=\"screen-reader-text\">Clap de fin pour Club-ScooterGT.Com<\/span><span class=\"fa fa-angle-double-right\" aria-hidden=\"true\"><\/span><\/a><\/p>\n<div class=\"pvc_clear\"><\/div>\n<p id=\"pvc_stats_19\" class=\"pvc_stats all  \" data-element-id=\"19\" style=\"\"><i class=\"pvc-stats-icon small\" aria-hidden=\"true\"><svg aria-hidden=\"true\" focusable=\"false\" data-prefix=\"far\" data-icon=\"chart-bar\" role=\"img\" xmlns=\"http:\/\/www.w3.org\/2000\/svg\" viewBox=\"0 0 512 512\" class=\"svg-inline--fa fa-chart-bar fa-w-16 fa-2x\"><path fill=\"currentColor\" d=\"M396.8 352h22.4c6.4 0 12.8-6.4 12.8-12.8V108.8c0-6.4-6.4-12.8-12.8-12.8h-22.4c-6.4 0-12.8 6.4-12.8 12.8v230.4c0 6.4 6.4 12.8 12.8 12.8zm-192 0h22.4c6.4 0 12.8-6.4 12.8-12.8V140.8c0-6.4-6.4-12.8-12.8-12.8h-22.4c-6.4 0-12.8 6.4-12.8 12.8v198.4c0 6.4 6.4 12.8 12.8 12.8zm96 0h22.4c6.4 0 12.8-6.4 12.8-12.8V204.8c0-6.4-6.4-12.8-12.8-12.8h-22.4c-6.4 0-12.8 6.4-12.8 12.8v134.4c0 6.4 6.4 12.8 12.8 12.8zM496 400H48V80c0-8.84-7.16-16-16-16H16C7.16 64 0 71.16 0 80v336c0 17.67 14.33 32 32 32h464c8.84 0 16-7.16 16-16v-16c0-8.84-7.16-16-16-16zm-387.2-48h22.4c6.4 0 12.8-6.4 12.8-12.8v-70.4c0-6.4-6.4-12.8-12.8-12.8h-22.4c-6.4 0-12.8 6.4-12.8 12.8v70.4c0 6.4 6.4 12.8 12.8 12.8z\" class=\"\"><\/path><\/svg><\/i> <img loading=\"lazy\" decoding=\"async\" width=\"16\" height=\"16\" alt=\"Loading\" src=\"https:\/\/www.club-scootergt.com\/wp-content\/plugins\/page-views-count\/ajax-loader-2x.gif\" border=0 \/><\/p>\n<div class=\"pvc_clear\"><\/div>\n","protected":false},"author":1,"featured_media":0,"parent":0,"menu_order":0,"comment_status":"closed","ping_status":"closed","template":"","meta":{"footnotes":""},"class_list":["post-19","page","type-page","status-publish","hentry"],"_links":{"self":[{"href":"https:\/\/www.club-scootergt.com\/index.php\/wp-json\/wp\/v2\/pages\/19","targetHints":{"allow":["GET"]}}],"collection":[{"href":"https:\/\/www.club-scootergt.com\/index.php\/wp-json\/wp\/v2\/pages"}],"about":[{"href":"https:\/\/www.club-scootergt.com\/index.php\/wp-json\/wp\/v2\/types\/page"}],"author":[{"embeddable":true,"href":"https:\/\/www.club-scootergt.com\/index.php\/wp-json\/wp\/v2\/users\/1"}],"replies":[{"embeddable":true,"href":"https:\/\/www.club-scootergt.com\/index.php\/wp-json\/wp\/v2\/comments?post=19"}],"version-history":[{"count":0,"href":"https:\/\/www.club-scootergt.com\/index.php\/wp-json\/wp\/v2\/pages\/19\/revisions"}],"wp:attachment":[{"href":"https:\/\/www.club-scootergt.com\/index.php\/wp-json\/wp\/v2\/media?parent=19"}],"curies":[{"name":"wp","href":"https:\/\/api.w.org\/{rel}","templated":true}]}}