{"id":117,"date":"2026-01-16T15:54:54","date_gmt":"2026-01-16T14:54:54","guid":{"rendered":"https:\/\/www.club-scootergt.com\/?page_id=117"},"modified":"2026-01-31T17:30:55","modified_gmt":"2026-01-31T16:30:55","slug":"quelques-annees-apres-larret-de-csgt","status":"publish","type":"page","link":"https:\/\/www.club-scootergt.com\/","title":{"rendered":"Quelques ann\u00e9es apr\u00e8s l&#8217;arr\u00eat de CSGT&#8230;"},"content":{"rendered":"\n<p class=\"has-vivid-red-color has-text-color has-link-color wp-elements-4c414627042dea2f3b1c68328daf7401\">Bonjour, Bonsoir, <\/p>\n\n\n\n<p class=\"has-vivid-red-color has-text-color has-link-color wp-elements-b4b6ebdaa06900106f8dbd90d01690ef\">Nous sommes en d\u00e9but d&#8217;ann\u00e9e 2026, et quelques ann\u00e9es apr\u00e8s la fin du forum Club-ScooterGT.com (6 exactement, voir <em><strong><a href=\"https:\/\/www.club-scootergt.com\/index.php\/accueil\/\" data-type=\"page\" data-id=\"19\">Clap de fin pour Club-ScooterGT.Com<\/a><\/strong><\/em>). Que s&#8217;est il pass\u00e9 ? peu ou pas grand chose mais &#8220;toujours debout, toujours vivant&#8230;&#8221; \ud83d\ude42<\/p>\n\n\n\n<p class=\"has-vivid-red-color has-text-color has-link-color wp-elements-0cf5f103dad4d398bae46f78f99d0fb4\">Les al\u00e9as de nos vies ont fait que la communaut\u00e9 des anciens membres de CSGT n&#8217;a pas r\u00e9\u00e9lement perdur\u00e9e&#8230; les contacts se sont perdues pour la grosse majorit\u00e9. Certains sont toujours en contact via les r\u00e9seaux sociaux, certains m\u00eames doivent se voir IRL, d&#8217;autres sont pass\u00e9s \u00e0 autres choses, c&#8217;est ainsi, c&#8217;est la vie.<\/p>\n\n\n\n<p class=\"has-vivid-red-color has-text-color has-link-color wp-elements-af5391109a8ceba37b164d31c48ad102\">De mon cot\u00e9, je suit cela au travers des reseaux sociaux avec quelques membres avec qui nous sommes garder en contact, quelques pouces et messages par ci et par l\u00e0 et finalement gu\u00e8re plus. Je n&#8217;ai finalement pas ou tr\u00e8s peu de contact avec d&#8217;anciens membres de CSGT, c&#8217;est bien dommage, je ne sais pas pourquoi mais c&#8217;est ainsi.<\/p>\n\n\n\n<p class=\"has-vivid-red-color has-text-color has-link-color wp-elements-5ab6a92e98e7aa9296349f73ba73d4fb\">Il y a quelques jours, je me suis mis \u00e0 parcourir certains anciens messages re\u00e7us que j&#8217;ai gard\u00e9 en archives durant les dix ann\u00e9es ou je me suis occup\u00e9 du forum, probablement par nostalgie&#8230; Relire certains messages m&#8217;a fait bizarre. <br>Forc\u00e9ment, du cot\u00e9 admin\/mod\u00e9ration, la plupart des messages que nous recevions \u00e9taient dedi\u00e9s au fonctionnement du forum : probl\u00e8mes d&#8217;inscriptions, discussions et messages \u00e0 moderer, notifications d&#8217;avis sur Aviscoot&#8230; je suis aussi retomb\u00e9 sur tout une s\u00e9rie de &#8220;messages signal\u00e9s&#8221; et de probl\u00e8mes sur des messages avec certains &#8220;enerv\u00e9s du clavier&#8221;, nous \u00e9changions avec les mod\u00e9rateurs pour tenter de trouver une solution au mieux, je me souviens comment nous nous prenions la t\u00eate sur certaines situations, c&#8217;\u00e9tait dingue. J&#8217;ai retrouv\u00e9 aussi malheureusement des messages agressifs\/insultants \u00e0 mon encontre et bien heureusement d&#8217;autres qui \u00e9taient bienveillants \ud83d\ude42<\/p>\n\n\n\n<p class=\"has-vivid-red-color has-text-color has-link-color wp-elements-64efa97c39465f67d08210dc86cb5645\">En 2020, parmis le spam, j&#8217;avais re\u00e7u un vrai message sur ce site m&#8217;indiquant que je n&#8217;\u00e9tais pas honnete, j&#8217;\u00e9tais un voleur, incapable, que j&#8217;ai \u00e9t\u00e9 nul, \u00e9goiste et un pov&#8217;con&#8230; Clairement, je n&#8217;ai pas r\u00e9pondu (\u00e7a ne sert \u00e0 rien) mais, forc\u00e9 de constater que la rancune est tenace chez certains qui m&#8217;ont clairement pris pour un moins que rien, un pov&#8217;con effectivement qui faisait toutes les taches ingrates d&#8217;administration du forum et ce au mieux pour tout le monde et qui a sacrifi\u00e9 une partie de sa vie perso et pro pour ce forum. C&#8217;est ainsi.<\/p>\n\n\n\n<p class=\"has-vivid-red-color has-text-color has-link-color wp-elements-8df6feb7f67d31a76d280fa3081f991e\">Certains ont la m\u00e9moire courte, mais par exemple en 2014 le rasso CSGT \u00e9tait organis\u00e9 cette ann\u00e9e l\u00e0 \u00e0 un endroit qui permettait de r\u00e9unir le maximum de personnes du &#8220;sud&#8221; et du &#8220;nord&#8221;, peu de gens le savent mais quelques jours avant le rasso mon p\u00e8re est d\u00e9ced\u00e9, malade depuis plusieurs ann\u00e9es, et encore plus depuis qu&#8217;il \u00e9tait veuf; j&#8217;ai cach\u00e9 cette info, avec ma compagne nous nous sommes pos\u00e9 la question \u00e0 savoir si je faisais quand m\u00eame le rasso ou pas, dridrine m&#8217;a convaincu que quelques jours entres potes ne pouvait que me remonter le moral et me faire penser \u00e0 &#8220;autres choses&#8221;, donc je suis quand meme venu pour tenter de me changer les id\u00e9es mais clairement par moment mon moral n&#8217;\u00e9tait pas au top et j&#8217;ai du m&#8217;isoler pour pleurer et r\u00e9flechir, j&#8217;ai pas honte de le dire. <br>Forc\u00e9ment, je n&#8217;ai pas profiter de ce moment d&#8217;\u00e9changes entres &#8220;potes&#8221; comme \u00e7a l&#8217;aurait du \u00eatre, j&#8217;\u00e9tais ailleurs, j&#8217;\u00e9tais l\u00e0 mais sans \u00eatre l\u00e0&#8230; D\u00e9j\u00e0 que certains me trouvait distant et froid, pas fun, trop s\u00e9rieux, \u00e7a a du probablement les persuader que je devais l&#8217;\u00eatre dans la vrai vie&#8230; Ce rasso en soit \u00e9tait un rasso tr\u00e8s sympa mais je ne suis pas parvenu \u00e0 m&#8217;amuser autant que \u00e7a aurait du&#8230;<\/p>\n\n\n\n<p class=\"has-vivid-red-color has-text-color has-link-color wp-elements-a9175984a5a468cf77beda516de4c67b\">Je viens de relire ce que je viens d&#8217;\u00e9crire, je ne sais pas pourquoi je vous raconte cela, c&#8217;\u00e9tait difficile vous l&#8217;avez compris, la tache ingrate d&#8217;admin de ce forum \u00e9tait devenue un v\u00e9ritable sacerdoce (c&#8217;\u00e9tait un membre du forum qui m&#8217;avait d\u00e9clar\u00e9 cela IRL lorsque j&#8217;\u00e9tais descendu une fois dans le sud, sur le moment je disais que non, mais en fait il avait raison : je pla\u00e7ais CSGT en haut de toutes les priorit\u00e9s, je me d\u00e9vouais pour que tout fonctionne au mieux et pour que tout le monde puisse trouver ce qu&#8217;il \u00e9tait venu y chercher, et j&#8217;en prenais plein la gueule pour pas grand chose, souvent&#8230;), je n&#8217;ai pas su en profiter comme j&#8217;aurais du peut \u00eatre.<\/p>\n\n\n\n<p class=\"has-vivid-red-color has-text-color has-link-color wp-elements-ddc3843a9c1a0621b1f87c377e89da67\">Je vous rassure, il y a eu des moments bien plus marrants et plus sympas avec ce forum, j&#8217;ai en t\u00eate notamment certains souvenirs\/anecdotes de rassos qui sont importants \u00e0 mes yeux.<br>Comme par exemple <strong>le tout 1er rasso CSGT<\/strong>, une des premi\u00e8res fois en longue distance pour ma moto avec ma compagne en SDS, pour ralier le gite avec tout un groupe, on roulait pleine balle de nuit sous un mauvais temps, et forc\u00e9ment on s&#8217;est perdu : on s&#8217;est rendu compte qu&#8217;on roulait sur des graviers sur une route ferm\u00e9e pour travaux depuis d\u00e9j\u00e0 plusieurs kilom\u00e8tres&#8230; <br>J&#8217;ai plein d&#8217;autres bons souvenirs autour des <strong>rassos CSGT<\/strong>, comme quoi ce sont les souvenirs IRL qui sont les meilleurs, je me rappele nous attendions tous cela d&#8217;une ann\u00e9e sur l&#8217;autre, des moments de joie tous ensemble r\u00e9unis au moment des repas, des balades inoubliables, organis\u00e9s par des membres d\u00e9vou\u00e9s (encore merci), j&#8217;ai notamment aussi des images en t\u00eates de balades extra bonus rassos avec certains membres (Gilles, Bernie, Sylvain, Mr_Mapi&#8230;) dans des endroits magnifiques &#8230; je me souviens aussi de la descente en groupe pour le rasso dans le Morvan (<a href=\"https:\/\/www.youtube.com\/watch?v=hXPRV9MWm9E\" data-type=\"link\" data-id=\"https:\/\/www.youtube.com\/watch?v=hXPRV9MWm9E\">ici<\/a> et <a href=\"https:\/\/www.youtube.com\/watch?v=1DtXzhYv2Qw\" data-type=\"link\" data-id=\"https:\/\/www.youtube.com\/watch?v=1DtXzhYv2Qw\">ici aussi<\/a>) , je me rappele aussi des <strong>sorties au Gudule<\/strong> avec des grandes tabl\u00e9es ou l&#8217;on se rencontrait entre membres IRL et des <strong>PBN <\/strong>tard la nuit dans Paris.<\/p>\n\n\n\n<p class=\"has-vivid-red-color has-text-color has-link-color wp-elements-59c4f0b642e4775e8c847d9f2627b31e\">Je ne pense pas \u00eatre le seul , mais probablement comme moi, certains doivent ressentir une certaine nostalgie de tout ce qu&#8217;il s&#8217;est pass\u00e9 autour de ce forum. Je trouve dommage qu&#8217;on puisse par garder le contact et se revoir parfois avec certains, \u00e7a pourrait \u00eatre sympa.<\/p>\n\n\n\n<p class=\"has-vivid-red-color has-text-color has-link-color wp-elements-54471e2b42fa780b3f60630bd0609f5c\">Internet n\u2019\u00e9tant finalement pas si grand que cela souvenez vous : \u201c<em>internet rapproche les gens\u2026<\/em>\u201d , si certains veulent me retrouver, une petite recherche internet et ils me retrouveront \ud83d\ude09<\/p>\n\n\n\n<p class=\"has-vivid-red-color has-text-color has-link-color wp-elements-bf66f71de59d63f905ce475738a2c1e7\">Bien cordialement \u00e0 tous et \u00e0 toutes,<\/p>\n\n\n\n<p class=\"has-vivid-red-color has-text-color has-link-color wp-elements-b10b9962721854aecfe609a8dc6379ed\"><strong>CritoF<\/strong><\/p>\n\n\n\n<div align=\"center\"><script type=\"text\/javascript\" src=\"\/\/compteur.websiteout.com\/js\/8\/6\/0\/0\"><\/script><\/div>\n\n\n\n<p><\/p>\n<div class=\"pvc_clear\"><\/div><p id=\"pvc_stats_117\" class=\"pvc_stats all  \" data-element-id=\"117\" style=\"\"><i class=\"pvc-stats-icon small\" aria-hidden=\"true\"><svg aria-hidden=\"true\" focusable=\"false\" data-prefix=\"far\" data-icon=\"chart-bar\" role=\"img\" xmlns=\"http:\/\/www.w3.org\/2000\/svg\" viewBox=\"0 0 512 512\" class=\"svg-inline--fa fa-chart-bar fa-w-16 fa-2x\"><path fill=\"currentColor\" d=\"M396.8 352h22.4c6.4 0 12.8-6.4 12.8-12.8V108.8c0-6.4-6.4-12.8-12.8-12.8h-22.4c-6.4 0-12.8 6.4-12.8 12.8v230.4c0 6.4 6.4 12.8 12.8 12.8zm-192 0h22.4c6.4 0 12.8-6.4 12.8-12.8V140.8c0-6.4-6.4-12.8-12.8-12.8h-22.4c-6.4 0-12.8 6.4-12.8 12.8v198.4c0 6.4 6.4 12.8 12.8 12.8zm96 0h22.4c6.4 0 12.8-6.4 12.8-12.8V204.8c0-6.4-6.4-12.8-12.8-12.8h-22.4c-6.4 0-12.8 6.4-12.8 12.8v134.4c0 6.4 6.4 12.8 12.8 12.8zM496 400H48V80c0-8.84-7.16-16-16-16H16C7.16 64 0 71.16 0 80v336c0 17.67 14.33 32 32 32h464c8.84 0 16-7.16 16-16v-16c0-8.84-7.16-16-16-16zm-387.2-48h22.4c6.4 0 12.8-6.4 12.8-12.8v-70.4c0-6.4-6.4-12.8-12.8-12.8h-22.4c-6.4 0-12.8 6.4-12.8 12.8v70.4c0 6.4 6.4 12.8 12.8 12.8z\" class=\"\"><\/path><\/svg><\/i> <img loading=\"lazy\" decoding=\"async\" width=\"16\" height=\"16\" alt=\"Loading\" src=\"https:\/\/www.club-scootergt.com\/wp-content\/plugins\/page-views-count\/ajax-loader-2x.gif\" border=0 \/><\/p><div class=\"pvc_clear\"><\/div>","protected":false},"excerpt":{"rendered":"<p>Bonjour, Bonsoir, Nous sommes en d\u00e9but d&#8217;ann\u00e9e 2026, et quelques ann\u00e9es apr\u00e8s la fin du forum Club-ScooterGT.com (6 exactement, voir Clap de fin pour Club-ScooterGT.Com). Que s&#8217;est il pass\u00e9 ? peu ou pas grand chose mais &#8220;toujours debout, toujours vivant&#8230;&#8221;&#8230; <a href=\"https:\/\/www.club-scootergt.com\/\" class=\"readmore\">Read more<span class=\"screen-reader-text\">Quelques ann\u00e9es apr\u00e8s l&#8217;arr\u00eat de CSGT&#8230;<\/span><span class=\"fa fa-angle-double-right\" aria-hidden=\"true\"><\/span><\/a><\/p>\n<div class=\"pvc_clear\"><\/div>\n<p id=\"pvc_stats_117\" class=\"pvc_stats all  \" data-element-id=\"117\" style=\"\"><i class=\"pvc-stats-icon small\" aria-hidden=\"true\"><svg aria-hidden=\"true\" focusable=\"false\" data-prefix=\"far\" data-icon=\"chart-bar\" role=\"img\" xmlns=\"http:\/\/www.w3.org\/2000\/svg\" viewBox=\"0 0 512 512\" class=\"svg-inline--fa fa-chart-bar fa-w-16 fa-2x\"><path fill=\"currentColor\" d=\"M396.8 352h22.4c6.4 0 12.8-6.4 12.8-12.8V108.8c0-6.4-6.4-12.8-12.8-12.8h-22.4c-6.4 0-12.8 6.4-12.8 12.8v230.4c0 6.4 6.4 12.8 12.8 12.8zm-192 0h22.4c6.4 0 12.8-6.4 12.8-12.8V140.8c0-6.4-6.4-12.8-12.8-12.8h-22.4c-6.4 0-12.8 6.4-12.8 12.8v198.4c0 6.4 6.4 12.8 12.8 12.8zm96 0h22.4c6.4 0 12.8-6.4 12.8-12.8V204.8c0-6.4-6.4-12.8-12.8-12.8h-22.4c-6.4 0-12.8 6.4-12.8 12.8v134.4c0 6.4 6.4 12.8 12.8 12.8zM496 400H48V80c0-8.84-7.16-16-16-16H16C7.16 64 0 71.16 0 80v336c0 17.67 14.33 32 32 32h464c8.84 0 16-7.16 16-16v-16c0-8.84-7.16-16-16-16zm-387.2-48h22.4c6.4 0 12.8-6.4 12.8-12.8v-70.4c0-6.4-6.4-12.8-12.8-12.8h-22.4c-6.4 0-12.8 6.4-12.8 12.8v70.4c0 6.4 6.4 12.8 12.8 12.8z\" class=\"\"><\/path><\/svg><\/i> <img loading=\"lazy\" decoding=\"async\" width=\"16\" height=\"16\" alt=\"Loading\" src=\"https:\/\/www.club-scootergt.com\/wp-content\/plugins\/page-views-count\/ajax-loader-2x.gif\" border=0 \/><\/p>\n<div class=\"pvc_clear\"><\/div>\n","protected":false},"author":1,"featured_media":0,"parent":0,"menu_order":0,"comment_status":"closed","ping_status":"closed","template":"","meta":{"footnotes":""},"class_list":["post-117","page","type-page","status-publish","hentry"],"_links":{"self":[{"href":"https:\/\/www.club-scootergt.com\/index.php\/wp-json\/wp\/v2\/pages\/117","targetHints":{"allow":["GET"]}}],"collection":[{"href":"https:\/\/www.club-scootergt.com\/index.php\/wp-json\/wp\/v2\/pages"}],"about":[{"href":"https:\/\/www.club-scootergt.com\/index.php\/wp-json\/wp\/v2\/types\/page"}],"author":[{"embeddable":true,"href":"https:\/\/www.club-scootergt.com\/index.php\/wp-json\/wp\/v2\/users\/1"}],"replies":[{"embeddable":true,"href":"https:\/\/www.club-scootergt.com\/index.php\/wp-json\/wp\/v2\/comments?post=117"}],"version-history":[{"count":1,"href":"https:\/\/www.club-scootergt.com\/index.php\/wp-json\/wp\/v2\/pages\/117\/revisions"}],"predecessor-version":[{"id":131,"href":"https:\/\/www.club-scootergt.com\/index.php\/wp-json\/wp\/v2\/pages\/117\/revisions\/131"}],"wp:attachment":[{"href":"https:\/\/www.club-scootergt.com\/index.php\/wp-json\/wp\/v2\/media?parent=117"}],"curies":[{"name":"wp","href":"https:\/\/api.w.org\/{rel}","templated":true}]}}